{"id":9,"date":"2019-11-22T11:39:40","date_gmt":"2019-11-22T10:39:40","guid":{"rendered":"http:\/\/zlotnik-kielce.pl\/?page_id=9"},"modified":"2020-02-05T11:33:00","modified_gmt":"2020-02-05T10:33:00","slug":"strona-glowna","status":"publish","type":"page","link":"https:\/\/rutczynski.com\/","title":{"rendered":"Witam Pa\u0144stwa"},"content":{"rendered":"\n<h1 class=\"wp-block-heading\"><strong>Zak\u0142ad Z\u0142otniczo-Jubilerski<\/strong><\/h1>\n\n\n\n<h2 class=\"wp-block-heading\"><em><strong>Bi\u017cuteria z dusz\u0105<\/strong><\/em><\/h2>\n\n\n\n<h3 class=\"wp-block-heading\">Wymarzona bi\u017cuteria wed\u0142ug&nbsp;w\u0142asnego&nbsp;projektu<\/h3>\n\n\n\n<blockquote class=\"wp-block-quote is-layout-flow wp-block-quote-is-layout-flow\"><p>Podziel si\u0119  swoimi&nbsp;inspiracjami  &#8211;  z\u0142otnik spe\u0142ni Twoje marzenie.<\/p><\/blockquote>\n\n\n\n<p><strong>Jacek Rutczy\u0144ski<br><\/strong><em>mistrz z\u0142otnictwa<br>rzeczoznawca jubilerski<br>ekspert diament\u00f3w<br>gemmolog<\/em><\/p>\n\n\n\n<p><strong>ZAK\u0141AD Z\u0141OTNICZO-JUBILERSKI<\/strong><br>25-516 Kielce<br>al. IX Wiek\u00f3w Kielc 33c<\/p>\n\n\n\n<p><strong>Zapewniamy bezp\u0142atny parking przez firm\u0105.<\/strong><br><strong>\u0141atwy dojazd<\/strong>.<\/p>\n\n\n\n<p><strong>Zapraszam:<\/strong><br>od\u00a0<strong>wtorku<\/strong>\u00a0do\u00a0<strong>pi\u0105tku<\/strong><br>w godzinach\u00a0<strong>12:00\u201317:00<\/strong><\/p>\n\n\n\n<p><strong>Nieczynne w dniach:<br><\/strong>\u2013 poniedzia\u0142ek<br>\u2013 sobota<br>\u2013 niedziela<\/p>\n\n\n\n<p>kom. +48 606 507 001<br>e-mail:\u00a0<a href=\"mailto:zlotnik@rutczynski.com\">zlotnik@rutczynski.com<\/a><\/p>\n","protected":false},"excerpt":{"rendered":"<p>Zak\u0142ad Z\u0142otniczo-Jubilerski Bi\u017cuteria z dusz\u0105 Wymarzona bi\u017cuteria wed\u0142ug&nbsp;w\u0142asnego&nbsp;projektu Podziel si\u0119 swoimi&nbsp;inspiracjami &#8211; z\u0142otnik spe\u0142ni Twoje marzenie. Jacek Rutczy\u0144skimistrz z\u0142otnictwarzeczoznawca jubilerskiekspert diament\u00f3wgemmolog ZAK\u0141AD Z\u0141OTNICZO-JUBILERSKI25-516 Kielceal. IX Wiek\u00f3w Kielc 33c Zapewniamy bezp\u0142atny parking przez firm\u0105.\u0141atwy dojazd. Zapraszam:od\u00a0wtorku\u00a0do\u00a0pi\u0105tkuw godzinach\u00a012:00\u201317:00 Nieczynne w dniach:\u2013 poniedzia\u0142ek\u2013 sobota\u2013 niedziela kom. +48 606 507 001e-mail:\u00a0zlotnik@rutczynski.com<\/p>\n","protected":false},"author":1,"featured_media":120,"parent":0,"menu_order":0,"comment_status":"closed","ping_status":"closed","template":"","meta":{"footnotes":""},"class_list":["post-9","page","type-page","status-publish","has-post-thumbnail","hentry"],"_links":{"self":[{"href":"https:\/\/rutczynski.com\/index.php\/wp-json\/wp\/v2\/pages\/9","targetHints":{"allow":["GET"]}}],"collection":[{"href":"https:\/\/rutczynski.com\/index.php\/wp-json\/wp\/v2\/pages"}],"about":[{"href":"https:\/\/rutczynski.com\/index.php\/wp-json\/wp\/v2\/types\/page"}],"author":[{"embeddable":true,"href":"https:\/\/rutczynski.com\/index.php\/wp-json\/wp\/v2\/users\/1"}],"replies":[{"embeddable":true,"href":"https:\/\/rutczynski.com\/index.php\/wp-json\/wp\/v2\/comments?post=9"}],"version-history":[{"count":13,"href":"https:\/\/rutczynski.com\/index.php\/wp-json\/wp\/v2\/pages\/9\/revisions"}],"predecessor-version":[{"id":268,"href":"https:\/\/rutczynski.com\/index.php\/wp-json\/wp\/v2\/pages\/9\/revisions\/268"}],"wp:featuredmedia":[{"embeddable":true,"href":"https:\/\/rutczynski.com\/index.php\/wp-json\/wp\/v2\/media\/120"}],"wp:attachment":[{"href":"https:\/\/rutczynski.com\/index.php\/wp-json\/wp\/v2\/media?parent=9"}],"curies":[{"name":"wp","href":"https:\/\/api.w.org\/{rel}","templated":true}]}}